{"id":2260,"date":"2021-12-07T07:54:05","date_gmt":"2021-12-07T07:54:05","guid":{"rendered":"https:\/\/chaletmyriam.com\/kontakt\/"},"modified":"2025-12-11T10:07:44","modified_gmt":"2025-12-11T10:07:44","slug":"kontakt","status":"publish","type":"page","link":"https:\/\/chaletmyriam.com\/de\/kontakt\/","title":{"rendered":"Kontakt"},"content":{"rendered":"\t\t<div data-elementor-type=\"wp-page\" data-elementor-id=\"2260\" class=\"elementor elementor-2260 elementor-308\" data-elementor-post-type=\"page\">\n\t\t\t\t\t\t<section class=\"elementor-section elementor-top-section elementor-element elementor-element-15f18049 elementor-section-boxed elementor-section-height-default elementor-section-height-default\" data-id=\"15f18049\" data-element_type=\"section\" data-e-type=\"section\">\n\t\t\t\t\t\t<div class=\"elementor-container elementor-column-gap-default\">\n\t\t\t\t\t<div class=\"elementor-column elementor-col-100 elementor-top-column elementor-element elementor-element-52515cd7\" data-id=\"52515cd7\" data-element_type=\"column\" data-e-type=\"column\">\n\t\t\t<div class=\"elementor-column-wrap--52515cd7 elementor-widget-wrap elementor-element-populated\">\n\t\t\t\t\t\t<div class=\"elementor-element elementor-element-376de9ba elementor-widget elementor-widget-heading\" data-id=\"376de9ba\" data-element_type=\"widget\" data-e-type=\"widget\" data-widget_type=\"heading.default\">\n\t\t\t\t<div class=\"elementor-widget-container\">\n\t\t\t\t\t<h2 class=\"elementor-heading-title elementor-size-default\">Schweiz<\/h2>\t\t\t\t<\/div>\n\t\t\t\t<\/div>\n\t\t\t\t\t<\/div>\n\t\t<\/div>\n\t\t\t\t\t<\/div>\n\t\t<\/section>\n\t\t\t\t<section class=\"elementor-section elementor-top-section elementor-element elementor-element-6b4cec10 elementor-section-boxed elementor-section-height-default elementor-section-height-default\" data-id=\"6b4cec10\" data-element_type=\"section\" data-e-type=\"section\">\n\t\t\t\t\t\t<div class=\"elementor-container elementor-column-gap-default\">\n\t\t\t\t\t<div class=\"elementor-column elementor-col-100 elementor-top-column elementor-element elementor-element-6dbc244e\" data-id=\"6dbc244e\" data-element_type=\"column\" data-e-type=\"column\">\n\t\t\t<div class=\"elementor-column-wrap--6dbc244e elementor-widget-wrap elementor-element-populated\">\n\t\t\t\t\t\t<div class=\"elementor-element elementor-element-a1b7645 elementor-widget elementor-widget-google_maps\" data-id=\"a1b7645\" data-element_type=\"widget\" data-e-type=\"widget\" data-widget_type=\"google_maps.default\">\n\t\t\t\t<div class=\"elementor-widget-container\">\n\t\t\t\t\t\t\t<div class=\"elementor-custom-embed\">\n\t\t\t<iframe loading=\"lazy\"\n\t\t\t\t\tsrc=\"https:\/\/maps.google.com\/maps?q=3925%20Gr%C3%A4chen%20Zwitserland&#038;t=m&#038;z=7&#038;output=embed&#038;iwloc=near\"\n\t\t\t\t\ttitle=\"3925 Gr\u00e4chen Zwitserland\"\n\t\t\t\t\taria-label=\"3925 Gr\u00e4chen Zwitserland\"\n\t\t\t><\/iframe>\n\t\t<\/div>\n\t\t\t\t\t\t<\/div>\n\t\t\t\t<\/div>\n\t\t\t\t\t<\/div>\n\t\t<\/div>\n\t\t\t\t\t<\/div>\n\t\t<\/section>\n\t\t\t\t<section class=\"elementor-section elementor-top-section elementor-element elementor-element-369f2cd3 elementor-section-content-top elementor-section-boxed elementor-section-height-default elementor-section-height-default\" data-id=\"369f2cd3\" data-element_type=\"section\" data-e-type=\"section\">\n\t\t\t\t\t\t<div class=\"elementor-container elementor-column-gap-wide\">\n\t\t\t\t\t<div class=\"elementor-column elementor-col-50 elementor-top-column elementor-element elementor-element-23919c3 elementor-hidden-desktop elementor-hidden-tablet elementor-hidden-mobile\" data-id=\"23919c3\" data-element_type=\"column\" data-e-type=\"column\">\n\t\t\t<div class=\"elementor-column-wrap--23919c3 elementor-widget-wrap elementor-element-populated\">\n\t\t\t\t\t\t<div class=\"elementor-element elementor-element-1f230c5f elementor-widget elementor-widget-heading\" data-id=\"1f230c5f\" data-element_type=\"widget\" data-e-type=\"widget\" data-widget_type=\"heading.default\">\n\t\t\t\t<div class=\"elementor-widget-container\">\n\t\t\t\t\t<h2 class=\"elementor-heading-title elementor-size-default\">Kontaktformular<\/h2>\t\t\t\t<\/div>\n\t\t\t\t<\/div>\n\t\t\t\t<div class=\"elementor-element elementor-element-37af435b elementor-widget elementor-widget-text-editor\" data-id=\"37af435b\" data-element_type=\"widget\" data-e-type=\"widget\" data-widget_type=\"text-editor.default\">\n\t\t\t\t<div class=\"elementor-widget-container\">\n\t\t\t\t\t\t\t\t\t<p>F\u00fcllen Sie das untenstehende Kontaktformular aus oder kontaktieren Sie uns per E-Mail oder Telefon. Wir hoffen, Sie in Gr\u00e4chen im Ferienhaus Chalet Myriam begr\u00fc\u00dfen zu d\u00fcrfen. <\/p>\t\t\t\t\t\t\t\t<\/div>\n\t\t\t\t<\/div>\n\t\t\t\t<div class=\"elementor-element elementor-element-1adec60 elementor-widget elementor-widget-reycore-cf7\" data-id=\"1adec60\" data-element_type=\"widget\" data-e-type=\"widget\" data-widget_type=\"reycore-cf7.default\">\n\t\t\t\t<div class=\"elementor-widget-container\">\n\t\t\t\t\t\t\t<div class=\"rey-element rey-cf7\">\n\t\t\t\t\t<\/div>\n\t\t\t\t\t\t<\/div>\n\t\t\t\t<\/div>\n\t\t\t\t\t<\/div>\n\t\t<\/div>\n\t\t\t\t<div class=\"elementor-column elementor-col-50 elementor-top-column elementor-element elementor-element-72d5914c rey-colbg--classic\" data-id=\"72d5914c\" data-element_type=\"column\" data-e-type=\"column\" data-settings=\"{&quot;background_background&quot;:&quot;classic&quot;}\">\n\t\t\t<div class=\"elementor-column-wrap--72d5914c elementor-widget-wrap elementor-element-populated\">\n\t\t\t\t\t\t<div class=\"elementor-element elementor-element-15aeb61a elementor-widget elementor-widget-heading\" data-id=\"15aeb61a\" data-element_type=\"widget\" data-e-type=\"widget\" data-widget_type=\"heading.default\">\n\t\t\t\t<div class=\"elementor-widget-container\">\n\t\t\t\t\t<h3 class=\"elementor-heading-title elementor-size-small\">ADRESSE<\/h3>\t\t\t\t<\/div>\n\t\t\t\t<\/div>\n\t\t\t\t<div class=\"elementor-element elementor-element-35170aba elementor-widget elementor-widget-text-editor\" data-id=\"35170aba\" data-element_type=\"widget\" data-e-type=\"widget\" data-widget_type=\"text-editor.default\">\n\t\t\t\t<div class=\"elementor-widget-container\">\n\t\t\t\t\t\t\t\t\t<p>Chalet Myriam Nr. 150, Hegmatte<br>CH-3925 Gr\u00e4chen <\/p>\t\t\t\t\t\t\t\t<\/div>\n\t\t\t\t<\/div>\n\t\t\t\t<div class=\"elementor-element elementor-element-5c3323d elementor-widget elementor-widget-heading\" data-id=\"5c3323d\" data-element_type=\"widget\" data-e-type=\"widget\" data-widget_type=\"heading.default\">\n\t\t\t\t<div class=\"elementor-widget-container\">\n\t\t\t\t\t<h3 class=\"elementor-heading-title elementor-size-small\">ZUG\u00c4NGLICHKEIT <\/h3>\t\t\t\t<\/div>\n\t\t\t\t<\/div>\n\t\t\t\t<div class=\"elementor-element elementor-element-676693d elementor-widget elementor-widget-text-editor\" data-id=\"676693d\" data-element_type=\"widget\" data-e-type=\"widget\" data-widget_type=\"text-editor.default\">\n\t\t\t\t<div class=\"elementor-widget-container\">\n\t\t\t\t\t\t\t\t\t<p>Monday till Sunday<br>10.00 till 18.00<\/p>\t\t\t\t\t\t\t\t<\/div>\n\t\t\t\t<\/div>\n\t\t\t\t<div class=\"elementor-element elementor-element-1a493fc3 elementor-widget elementor-widget-heading\" data-id=\"1a493fc3\" data-element_type=\"widget\" data-e-type=\"widget\" data-widget_type=\"heading.default\">\n\t\t\t\t<div class=\"elementor-widget-container\">\n\t\t\t\t\t<h3 class=\"elementor-heading-title elementor-size-small\">RUFNUMMER<\/h3>\t\t\t\t<\/div>\n\t\t\t\t<\/div>\n\t\t\t\t<div class=\"elementor-element elementor-element-412f7056 elementor-widget elementor-widget-text-editor\" data-id=\"412f7056\" data-element_type=\"widget\" data-e-type=\"widget\" data-widget_type=\"text-editor.default\">\n\t\t\t\t<div class=\"elementor-widget-container\">\n\t\t\t\t\t\t\t\t\t<p>+31 6 51134331<\/p>\t\t\t\t\t\t\t\t<\/div>\n\t\t\t\t<\/div>\n\t\t\t\t<div class=\"elementor-element elementor-element-5c492526 elementor-widget elementor-widget-heading\" data-id=\"5c492526\" data-element_type=\"widget\" data-e-type=\"widget\" data-widget_type=\"heading.default\">\n\t\t\t\t<div class=\"elementor-widget-container\">\n\t\t\t\t\t<h3 class=\"elementor-heading-title elementor-size-small\">E-MAIL<\/h3>\t\t\t\t<\/div>\n\t\t\t\t<\/div>\n\t\t\t\t<div class=\"elementor-element elementor-element-73cc620a u-last-p-margin elementor-widget elementor-widget-text-editor\" data-id=\"73cc620a\" data-element_type=\"widget\" data-e-type=\"widget\" data-widget_type=\"text-editor.default\">\n\t\t\t\t<div class=\"elementor-widget-container\">\n\t\t\t\t\t\t\t\t\t<p>info@chaletmyriam.com<\/p>\t\t\t\t\t\t\t\t<\/div>\n\t\t\t\t<\/div>\n\t\t\t\t\t<\/div>\n\t\t<\/div>\n\t\t\t\t\t<\/div>\n\t\t<\/section>\n\t\t\t\t<\/div>\n\t\t","protected":false},"excerpt":{"rendered":"<p>Schweiz Kontaktformular F\u00fcllen Sie das untenstehende Kontaktformular aus oder kontaktieren Sie uns per E-Mail oder Telefon. Wir hoffen, Sie in Gr\u00e4chen im Ferienhaus Chalet Myriam begr\u00fc\u00dfen zu d\u00fcrfen. Naam E-mail Bericht ADRESSE Chalet Myriam Nr. 150, HegmatteCH-3925 Gr\u00e4chen ZUG\u00c4NGLICHKEIT Monday till Sunday10.00 till 18.00 RUFNUMMER +31 6 51134331 E-MAIL info@chaletmyriam.com<\/p>\n","protected":false},"author":4,"featured_media":0,"parent":0,"menu_order":0,"comment_status":"closed","ping_status":"closed","template":"template-builder.php","meta":{"_acf_changed":false,"footnotes":""},"class_list":["post-2260","page","type-page","status-publish","hentry"],"acf":[],"yoast_head":"<!-- This site is optimized with the Yoast SEO plugin v27.3 - https:\/\/yoast.com\/product\/yoast-seo-wordpress\/ -->\n<title>Kontakt - Chalet Myriam<\/title>\n<meta name=\"robots\" content=\"index, follow, max-snippet:-1, max-image-preview:large, max-video-preview:-1\" \/>\n<link rel=\"canonical\" href=\"https:\/\/chaletmyriam.com\/de\/kontakt\/\" \/>\n<meta property=\"og:locale\" content=\"de_DE\" \/>\n<meta property=\"og:type\" content=\"article\" \/>\n<meta property=\"og:title\" content=\"Kontakt - Chalet Myriam\" \/>\n<meta property=\"og:description\" content=\"Schweiz Kontaktformular F\u00fcllen Sie das untenstehende Kontaktformular aus oder kontaktieren Sie uns per E-Mail oder Telefon. Wir hoffen, Sie in Gr\u00e4chen im Ferienhaus Chalet Myriam begr\u00fc\u00dfen zu d\u00fcrfen. Naam E-mail Bericht ADRESSE Chalet Myriam Nr. 150, HegmatteCH-3925 Gr\u00e4chen ZUG\u00c4NGLICHKEIT Monday till Sunday10.00 till 18.00 RUFNUMMER +31 6 51134331 E-MAIL info@chaletmyriam.com\" \/>\n<meta property=\"og:url\" content=\"https:\/\/chaletmyriam.com\/de\/kontakt\/\" \/>\n<meta property=\"og:site_name\" content=\"Chalet Myriam\" \/>\n<meta property=\"article:modified_time\" content=\"2025-12-11T10:07:44+00:00\" \/>\n<meta name=\"twitter:card\" content=\"summary_large_image\" \/>\n<script type=\"application\/ld+json\" class=\"yoast-schema-graph\">{\"@context\":\"https:\\\/\\\/schema.org\",\"@graph\":[{\"@type\":\"WebPage\",\"@id\":\"https:\\\/\\\/chaletmyriam.com\\\/de\\\/kontakt\\\/\",\"url\":\"https:\\\/\\\/chaletmyriam.com\\\/de\\\/kontakt\\\/\",\"name\":\"Kontakt - Chalet Myriam\",\"isPartOf\":{\"@id\":\"https:\\\/\\\/chaletmyriam.com\\\/de\\\/#website\"},\"datePublished\":\"2021-12-07T07:54:05+00:00\",\"dateModified\":\"2025-12-11T10:07:44+00:00\",\"breadcrumb\":{\"@id\":\"https:\\\/\\\/chaletmyriam.com\\\/de\\\/kontakt\\\/#breadcrumb\"},\"inLanguage\":\"de\",\"potentialAction\":[{\"@type\":\"ReadAction\",\"target\":[\"https:\\\/\\\/chaletmyriam.com\\\/de\\\/kontakt\\\/\"]}]},{\"@type\":\"BreadcrumbList\",\"@id\":\"https:\\\/\\\/chaletmyriam.com\\\/de\\\/kontakt\\\/#breadcrumb\",\"itemListElement\":[{\"@type\":\"ListItem\",\"position\":1,\"name\":\"Home\",\"item\":\"https:\\\/\\\/chaletmyriam.com\\\/de\\\/\"},{\"@type\":\"ListItem\",\"position\":2,\"name\":\"Kontakt\"}]},{\"@type\":\"WebSite\",\"@id\":\"https:\\\/\\\/chaletmyriam.com\\\/de\\\/#website\",\"url\":\"https:\\\/\\\/chaletmyriam.com\\\/de\\\/\",\"name\":\"Chalet Myriam\",\"description\":\"Heerlijk genieten van de prachtige omgeving in het Zwitserse Gr\u00e4chen\",\"publisher\":{\"@id\":\"https:\\\/\\\/chaletmyriam.com\\\/de\\\/#organization\"},\"potentialAction\":[{\"@type\":\"SearchAction\",\"target\":{\"@type\":\"EntryPoint\",\"urlTemplate\":\"https:\\\/\\\/chaletmyriam.com\\\/de\\\/?s={search_term_string}\"},\"query-input\":{\"@type\":\"PropertyValueSpecification\",\"valueRequired\":true,\"valueName\":\"search_term_string\"}}],\"inLanguage\":\"de\"},{\"@type\":\"Organization\",\"@id\":\"https:\\\/\\\/chaletmyriam.com\\\/de\\\/#organization\",\"name\":\"Chalet Myriam\",\"url\":\"https:\\\/\\\/chaletmyriam.com\\\/de\\\/\",\"logo\":{\"@type\":\"ImageObject\",\"inLanguage\":\"de\",\"@id\":\"https:\\\/\\\/chaletmyriam.com\\\/de\\\/#\\\/schema\\\/logo\\\/image\\\/\",\"url\":\"https:\\\/\\\/chaletmyriam.com\\\/wp-content\\\/uploads\\\/2021\\\/03\\\/Logo-nieuw-.png\",\"contentUrl\":\"https:\\\/\\\/chaletmyriam.com\\\/wp-content\\\/uploads\\\/2021\\\/03\\\/Logo-nieuw-.png\",\"width\":320,\"height\":159,\"caption\":\"Chalet Myriam\"},\"image\":{\"@id\":\"https:\\\/\\\/chaletmyriam.com\\\/de\\\/#\\\/schema\\\/logo\\\/image\\\/\"}}]}<\/script>\n<!-- \/ Yoast SEO plugin. -->","yoast_head_json":{"title":"Kontakt - Chalet Myriam","robots":{"index":"index","follow":"follow","max-snippet":"max-snippet:-1","max-image-preview":"max-image-preview:large","max-video-preview":"max-video-preview:-1"},"canonical":"https:\/\/chaletmyriam.com\/de\/kontakt\/","og_locale":"de_DE","og_type":"article","og_title":"Kontakt - Chalet Myriam","og_description":"Schweiz Kontaktformular F\u00fcllen Sie das untenstehende Kontaktformular aus oder kontaktieren Sie uns per E-Mail oder Telefon. Wir hoffen, Sie in Gr\u00e4chen im Ferienhaus Chalet Myriam begr\u00fc\u00dfen zu d\u00fcrfen. Naam E-mail Bericht ADRESSE Chalet Myriam Nr. 150, HegmatteCH-3925 Gr\u00e4chen ZUG\u00c4NGLICHKEIT Monday till Sunday10.00 till 18.00 RUFNUMMER +31 6 51134331 E-MAIL info@chaletmyriam.com","og_url":"https:\/\/chaletmyriam.com\/de\/kontakt\/","og_site_name":"Chalet Myriam","article_modified_time":"2025-12-11T10:07:44+00:00","twitter_card":"summary_large_image","schema":{"@context":"https:\/\/schema.org","@graph":[{"@type":"WebPage","@id":"https:\/\/chaletmyriam.com\/de\/kontakt\/","url":"https:\/\/chaletmyriam.com\/de\/kontakt\/","name":"Kontakt - Chalet Myriam","isPartOf":{"@id":"https:\/\/chaletmyriam.com\/de\/#website"},"datePublished":"2021-12-07T07:54:05+00:00","dateModified":"2025-12-11T10:07:44+00:00","breadcrumb":{"@id":"https:\/\/chaletmyriam.com\/de\/kontakt\/#breadcrumb"},"inLanguage":"de","potentialAction":[{"@type":"ReadAction","target":["https:\/\/chaletmyriam.com\/de\/kontakt\/"]}]},{"@type":"BreadcrumbList","@id":"https:\/\/chaletmyriam.com\/de\/kontakt\/#breadcrumb","itemListElement":[{"@type":"ListItem","position":1,"name":"Home","item":"https:\/\/chaletmyriam.com\/de\/"},{"@type":"ListItem","position":2,"name":"Kontakt"}]},{"@type":"WebSite","@id":"https:\/\/chaletmyriam.com\/de\/#website","url":"https:\/\/chaletmyriam.com\/de\/","name":"Chalet Myriam","description":"Heerlijk genieten van de prachtige omgeving in het Zwitserse Gr\u00e4chen","publisher":{"@id":"https:\/\/chaletmyriam.com\/de\/#organization"},"potentialAction":[{"@type":"SearchAction","target":{"@type":"EntryPoint","urlTemplate":"https:\/\/chaletmyriam.com\/de\/?s={search_term_string}"},"query-input":{"@type":"PropertyValueSpecification","valueRequired":true,"valueName":"search_term_string"}}],"inLanguage":"de"},{"@type":"Organization","@id":"https:\/\/chaletmyriam.com\/de\/#organization","name":"Chalet Myriam","url":"https:\/\/chaletmyriam.com\/de\/","logo":{"@type":"ImageObject","inLanguage":"de","@id":"https:\/\/chaletmyriam.com\/de\/#\/schema\/logo\/image\/","url":"https:\/\/chaletmyriam.com\/wp-content\/uploads\/2021\/03\/Logo-nieuw-.png","contentUrl":"https:\/\/chaletmyriam.com\/wp-content\/uploads\/2021\/03\/Logo-nieuw-.png","width":320,"height":159,"caption":"Chalet Myriam"},"image":{"@id":"https:\/\/chaletmyriam.com\/de\/#\/schema\/logo\/image\/"}}]}},"_links":{"self":[{"href":"https:\/\/chaletmyriam.com\/de\/wp-json\/wp\/v2\/pages\/2260","targetHints":{"allow":["GET"]}}],"collection":[{"href":"https:\/\/chaletmyriam.com\/de\/wp-json\/wp\/v2\/pages"}],"about":[{"href":"https:\/\/chaletmyriam.com\/de\/wp-json\/wp\/v2\/types\/page"}],"author":[{"embeddable":true,"href":"https:\/\/chaletmyriam.com\/de\/wp-json\/wp\/v2\/users\/4"}],"replies":[{"embeddable":true,"href":"https:\/\/chaletmyriam.com\/de\/wp-json\/wp\/v2\/comments?post=2260"}],"version-history":[{"count":5,"href":"https:\/\/chaletmyriam.com\/de\/wp-json\/wp\/v2\/pages\/2260\/revisions"}],"predecessor-version":[{"id":5819,"href":"https:\/\/chaletmyriam.com\/de\/wp-json\/wp\/v2\/pages\/2260\/revisions\/5819"}],"wp:attachment":[{"href":"https:\/\/chaletmyriam.com\/de\/wp-json\/wp\/v2\/media?parent=2260"}],"curies":[{"name":"wp","href":"https:\/\/api.w.org\/{rel}","templated":true}]}}