{"id":2274,"date":"2021-12-07T08:03:14","date_gmt":"2021-12-07T08:03:14","guid":{"rendered":"https:\/\/chaletmyriam.com\/skigebiet\/"},"modified":"2021-12-07T08:03:19","modified_gmt":"2021-12-07T08:03:19","slug":"skigebiet","status":"publish","type":"page","link":"https:\/\/chaletmyriam.com\/de\/skigebiet\/","title":{"rendered":"Skigebiet"},"content":{"rendered":"\t\t<div data-elementor-type=\"wp-page\" data-elementor-id=\"2274\" class=\"elementor elementor-2274 elementor-591\" data-elementor-post-type=\"page\">\n\t\t\t\t\t\t<section class=\"elementor-section elementor-top-section elementor-element elementor-element-14e61a8 rey-section-stretched elementor-section-full_width elementor-section-height-default elementor-section-height-default\" data-id=\"14e61a8\" data-element_type=\"section\" data-e-type=\"section\" data-settings=\"{&quot;shape_divider_bottom&quot;:&quot;pyramids&quot;}\">\n\t\t\t\t\t<div class=\"elementor-shape elementor-shape-bottom\" aria-hidden=\"true\" data-negative=\"false\">\n\t\t\t<svg xmlns=\"http:\/\/www.w3.org\/2000\/svg\" viewBox=\"0 0 1000 100\" preserveAspectRatio=\"none\">\n\t<path class=\"elementor-shape-fill\" d=\"M761.9,44.1L643.1,27.2L333.8,98L0,3.8V0l1000,0v3.9\"\/>\n<\/svg>\t\t<\/div>\n\t\t\t\t\t<div class=\"elementor-container elementor-column-gap-default\">\n\t\t\t\t\t<div class=\"elementor-column elementor-col-100 elementor-top-column elementor-element elementor-element-752aba5 rey-colbg--classic\" data-id=\"752aba5\" data-element_type=\"column\" data-e-type=\"column\" id=\"reserveren\" data-settings=\"{&quot;background_background&quot;:&quot;classic&quot;}\">\n\t\t\t<div class=\"elementor-column-wrap--752aba5 elementor-widget-wrap elementor-element-populated\">\n\t\t\t\t\t<div class=\"elementor-background-overlay\"><\/div>\n\t\t\t\t\t\t<div class=\"elementor-element elementor-element-fa65781 elementor-widget elementor-widget-heading\" data-id=\"fa65781\" data-element_type=\"widget\" data-e-type=\"widget\" data-widget_type=\"heading.default\">\n\t\t\t\t<div class=\"elementor-widget-container\">\n\t\t\t\t\t<h2 class=\"elementor-heading-title elementor-size-default\">Gr\u00e4chen <\/h2>\t\t\t\t<\/div>\n\t\t\t\t<\/div>\n\t\t\t\t<div class=\"elementor-element elementor-element-88a6e38 elementor-widget elementor-widget-heading\" data-id=\"88a6e38\" data-element_type=\"widget\" data-e-type=\"widget\" data-widget_type=\"heading.default\">\n\t\t\t\t<div class=\"elementor-widget-container\">\n\t\t\t\t\t<h2 class=\"elementor-heading-title elementor-size-default\">ein M\u00e4rchen<\/h2>\t\t\t\t<\/div>\n\t\t\t\t<\/div>\n\t\t\t\t\t<\/div>\n\t\t<\/div>\n\t\t\t\t\t<\/div>\n\t\t<\/section>\n\t\t\t\t<section class=\"elementor-section elementor-top-section elementor-element elementor-element-d74e3c7 rey-section-stretched rey-section-bg--classic elementor-section-boxed elementor-section-height-default elementor-section-height-default\" data-id=\"d74e3c7\" data-element_type=\"section\" data-e-type=\"section\" data-settings=\"{&quot;background_background&quot;:&quot;classic&quot;}\">\n\t\t\t\t\t\t<div class=\"elementor-container elementor-column-gap-default\">\n\t\t\t\t\t<div class=\"elementor-column elementor-col-100 elementor-top-column elementor-element elementor-element-9ad7d61\" data-id=\"9ad7d61\" data-element_type=\"column\" data-e-type=\"column\">\n\t\t\t<div class=\"elementor-column-wrap--9ad7d61 elementor-widget-wrap elementor-element-populated\">\n\t\t\t\t\t\t<div class=\"elementor-element elementor-element-c6938d6 elementor-widget elementor-widget-heading\" data-id=\"c6938d6\" data-element_type=\"widget\" data-e-type=\"widget\" data-widget_type=\"heading.default\">\n\t\t\t\t<div class=\"elementor-widget-container\">\n\t\t\t\t\t<h2 class=\"elementor-heading-title elementor-size-default\">Zermatt in Reichweite<\/h2>\t\t\t\t<\/div>\n\t\t\t\t<\/div>\n\t\t\t\t\t<\/div>\n\t\t<\/div>\n\t\t\t\t\t<\/div>\n\t\t<\/section>\n\t\t\t\t<section class=\"elementor-section elementor-top-section elementor-element elementor-element-65f176e elementor-section-boxed elementor-section-height-default elementor-section-height-default\" data-id=\"65f176e\" data-element_type=\"section\" data-e-type=\"section\">\n\t\t\t\t\t\t<div class=\"elementor-container elementor-column-gap-default\">\n\t\t\t\t\t<div class=\"elementor-column elementor-col-100 elementor-top-column elementor-element elementor-element-9983846\" data-id=\"9983846\" data-element_type=\"column\" data-e-type=\"column\">\n\t\t\t<div class=\"elementor-column-wrap--9983846 elementor-widget-wrap elementor-element-populated\">\n\t\t\t\t\t\t<div class=\"elementor-element elementor-element-723a5d7 elementor-widget elementor-widget-reycore-scroll-decorations\" data-id=\"723a5d7\" data-element_type=\"widget\" data-e-type=\"widget\" data-widget_type=\"reycore-scroll-decorations.default\">\n\t\t\t\t<div class=\"elementor-widget-container\">\n\t\t\t\t\t\t\t<a href=\"#\" class=\"rey-scrollDeco rey-scrollDeco--default\" data-target=\"next\" data-lazy-hidden>\n\t\t\n\t\t\t\t\t<span class=\"rey-scrollDeco-text\">MEER INFO<\/span>\n\t\t\n\t\t<span class=\"rey-scrollDeco-line\"><\/span>\n\n\t\t<\/a>\t\t\t\t<\/div>\n\t\t\t\t<\/div>\n\t\t\t\t\t<\/div>\n\t\t<\/div>\n\t\t\t\t\t<\/div>\n\t\t<\/section>\n\t\t\t\t<section class=\"elementor-section elementor-top-section elementor-element elementor-element-b670253 elementor-section-content-bottom elementor-section-boxed elementor-section-height-default elementor-section-height-default\" data-id=\"b670253\" data-element_type=\"section\" data-e-type=\"section\">\n\t\t\t\t\t\t<div class=\"elementor-container elementor-column-gap-default\">\n\t\t\t\t\t<div class=\"elementor-column elementor-col-100 elementor-top-column elementor-element elementor-element-c9c3b14\" data-id=\"c9c3b14\" data-element_type=\"column\" data-e-type=\"column\">\n\t\t\t<div class=\"elementor-column-wrap--c9c3b14 elementor-widget-wrap elementor-element-populated\">\n\t\t\t\t\t\t<div class=\"elementor-element elementor-element-500450a elementor-widget elementor-widget-heading\" data-id=\"500450a\" data-element_type=\"widget\" data-e-type=\"widget\" data-widget_type=\"heading.default\">\n\t\t\t\t<div class=\"elementor-widget-container\">\n\t\t\t\t\t<h2 class=\"elementor-heading-title elementor-size-default\">Willkommen im Familienparadies Wallis<\/h2>\t\t\t\t<\/div>\n\t\t\t\t<\/div>\n\t\t\t\t<div class=\"elementor-element elementor-element-71b9581 u-last-p-margin elementor-widget elementor-widget-text-editor\" data-id=\"71b9581\" data-element_type=\"widget\" data-e-type=\"widget\" data-widget_type=\"text-editor.default\">\n\t\t\t\t<div class=\"elementor-widget-container\">\n\t\t\t\t\t\t\t\t\t<p>Ob gem\u00fctlicher Urlaub zu zweit oder Urlaubsspa\u00df mit der ganzen Familie,<br \/>ob erholsame Ruhe oder spielerische Abwechslung \u2013<br \/>alle Urlaubstr\u00e4ume werden wahr in der Familiendestination Gr\u00e4chen\/St. Niklaus.<\/p>\n\t\t\t\t\t\t\t\t<\/div>\n\t\t\t\t<\/div>\n\t\t\t\t\t<\/div>\n\t\t<\/div>\n\t\t\t\t\t<\/div>\n\t\t<\/section>\n\t\t\t\t<section class=\"elementor-section elementor-top-section elementor-element elementor-element-0199288 rey-section-stretched elementor-section-full_width elementor-section-height-default elementor-section-height-default\" data-id=\"0199288\" data-element_type=\"section\" data-e-type=\"section\">\n\t\t\t\t\t\t<div class=\"elementor-container elementor-column-gap-no\">\n\t\t\t\t\t<div class=\"elementor-column elementor-col-50 elementor-top-column elementor-element elementor-element-913705c rey-colbg--classic\" data-id=\"913705c\" data-element_type=\"column\" data-e-type=\"column\" data-settings=\"{&quot;background_background&quot;:&quot;classic&quot;}\">\n\t\t\t<div class=\"elementor-column-wrap--913705c elementor-widget-wrap elementor-element-populated\">\n\t\t\t\t\t\t<div class=\"elementor-element elementor-element-b851e25 elementor-widget elementor-widget-spacer\" data-id=\"b851e25\" data-element_type=\"widget\" data-e-type=\"widget\" data-widget_type=\"spacer.default\">\n\t\t\t\t<div class=\"elementor-widget-container\">\n\t\t\t\t\t\t\t<div class=\"elementor-spacer\">\n\t\t\t<div class=\"elementor-spacer-inner\"><\/div>\n\t\t<\/div>\n\t\t\t\t\t\t<\/div>\n\t\t\t\t<\/div>\n\t\t\t\t<div class=\"elementor-element elementor-element-95cf7d7 elementor-widget elementor-widget-spacer\" data-id=\"95cf7d7\" data-element_type=\"widget\" data-e-type=\"widget\" data-widget_type=\"spacer.default\">\n\t\t\t\t<div class=\"elementor-widget-container\">\n\t\t\t\t\t\t\t<div class=\"elementor-spacer\">\n\t\t\t<div class=\"elementor-spacer-inner\"><\/div>\n\t\t<\/div>\n\t\t\t\t\t\t<\/div>\n\t\t\t\t<\/div>\n\t\t\t\t\t<\/div>\n\t\t<\/div>\n\t\t\t\t<div class=\"elementor-column elementor-col-50 elementor-top-column elementor-element elementor-element-c27f9fd rey-colbg--classic\" data-id=\"c27f9fd\" data-element_type=\"column\" data-e-type=\"column\" data-settings=\"{&quot;background_background&quot;:&quot;classic&quot;}\">\n\t\t\t<div class=\"elementor-column-wrap--c27f9fd elementor-widget-wrap elementor-element-populated\">\n\t\t\t\t\t\t<div class=\"elementor-element elementor-element-f3fcf14 el-mark--hp elementor-widget elementor-widget-heading\" data-id=\"f3fcf14\" data-element_type=\"widget\" data-e-type=\"widget\" data-widget_type=\"heading.default\">\n\t\t\t\t<div class=\"elementor-widget-container\">\n\t\t\t\t\t<h2 class=\"elementor-heading-title elementor-size-default\"><mark>Pistenplan<\/mark><\/h2>\t\t\t\t<\/div>\n\t\t\t\t<\/div>\n\t\t\t\t<div class=\"elementor-element elementor-element-5e1adcd u-last-p-margin elementor-widget elementor-widget-text-editor\" data-id=\"5e1adcd\" data-element_type=\"widget\" data-e-type=\"widget\" data-widget_type=\"text-editor.default\">\n\t\t\t\t<div class=\"elementor-widget-container\">\n\t\t\t\t\t\t\t\t\t<p>1 voll ausgestattete Ferienwohnung in der zweiten Etage mit Platz f\u00fcr 8 Personen und M\u00f6glichkeit f\u00fcr 2 weitere Personen auf einer Schlafcouch. Donec pharetra mattis nulla, id laoreet neque scelerisque at. Quisque eget sem non ligula consectetur ultrices in quis augue. <\/p>\n\t\t\t\t\t\t\t\t<\/div>\n\t\t\t\t<\/div>\n\t\t\t\t<div class=\"elementor-element elementor-element-e277ae9 elementor-icon-list--layout-traditional elementor-list-item-link-full_width elementor-widget elementor-widget-icon-list\" data-id=\"e277ae9\" data-element_type=\"widget\" data-e-type=\"widget\" data-widget_type=\"icon-list.default\">\n\t\t\t\t<div class=\"elementor-widget-container\">\n\t\t\t\t\t\t\t<ul class=\"elementor-icon-list-items\">\n\t\t\t\t\t\t\t<li class=\"elementor-icon-list-item\">\n\t\t\t\t\t\t\t\t\t\t\t<span class=\"elementor-icon-list-icon\">\n\t\t\t\t\t\t\t<i aria-hidden=\"true\" class=\"fas fa-check\"><\/i>\t\t\t\t\t\t<\/span>\n\t\t\t\t\t\t\t\t\t\t<span class=\"elementor-icon-list-text\">Vorteil 1 <\/span>\n\t\t\t\t\t\t\t\t\t<\/li>\n\t\t\t\t\t\t\t\t<li class=\"elementor-icon-list-item\">\n\t\t\t\t\t\t\t\t\t\t\t<span class=\"elementor-icon-list-icon\">\n\t\t\t\t\t\t\t<i aria-hidden=\"true\" class=\"fas fa-check\"><\/i>\t\t\t\t\t\t<\/span>\n\t\t\t\t\t\t\t\t\t\t<span class=\"elementor-icon-list-text\">Vorteil 2<\/span>\n\t\t\t\t\t\t\t\t\t<\/li>\n\t\t\t\t\t\t\t\t<li class=\"elementor-icon-list-item\">\n\t\t\t\t\t\t\t\t\t\t\t<span class=\"elementor-icon-list-icon\">\n\t\t\t\t\t\t\t<i aria-hidden=\"true\" class=\"fas fa-check\"><\/i>\t\t\t\t\t\t<\/span>\n\t\t\t\t\t\t\t\t\t\t<span class=\"elementor-icon-list-text\">Vorteil 3<\/span>\n\t\t\t\t\t\t\t\t\t<\/li>\n\t\t\t\t\t\t<\/ul>\n\t\t\t\t\t\t<\/div>\n\t\t\t\t<\/div>\n\t\t\t\t<div class=\"elementor-element elementor-element-7956090 elementor-widget elementor-widget-button\" data-id=\"7956090\" data-element_type=\"widget\" data-e-type=\"widget\" data-widget_type=\"button.default\">\n\t\t\t\t<div class=\"elementor-widget-container\">\n\t\t\t\t\t\t\t\t\t<div class=\"elementor-button-wrapper\">\n\t\t\t\t\t<a class=\"elementor-button elementor-button-link elementor-size-sm\" href=\"https:\/\/www.graechen.ch\/Bahnen-Pisten\/Pistenplan\">\n\t\t\t\t\t\t<span class=\"elementor-button-content-wrapper\">\n\t\t\t\t\t\t\t\t\t<span class=\"elementor-button-text\">Alle Pisten anzeigen<\/span>\n\t\t\t\t\t<\/span>\n\t\t\t\t\t<\/a>\n\t\t\t\t<\/div>\n\t\t\t\t\t\t\t\t<\/div>\n\t\t\t\t<\/div>\n\t\t\t\t\t<\/div>\n\t\t<\/div>\n\t\t\t\t\t<\/div>\n\t\t<\/section>\n\t\t\t\t<section class=\"elementor-section elementor-top-section elementor-element elementor-element-3268de0 rey-section-stretched rey-section-bg--video elementor-section-boxed elementor-section-height-default elementor-section-height-default\" data-id=\"3268de0\" data-element_type=\"section\" data-e-type=\"section\" data-settings=\"{&quot;background_background&quot;:&quot;video&quot;,&quot;background_video_link&quot;:&quot;https:\\\/\\\/chaletmyriam.com\\\/wp-content\\\/uploads\\\/2021\\\/04\\\/Pexels-Videos-3457-1.mp4&quot;,&quot;background_play_on_mobile&quot;:&quot;yes&quot;}\">\n\t\t\t\t\t\t\t\t<div class=\"elementor-background-video-container\">\n\t\t\t\t\t\t\t\t\t\t\t\t\t<video class=\"elementor-background-video-hosted\" role=\"presentation\" autoplay muted playsinline loop><\/video>\n\t\t\t\t\t\t\t\t\t\t\t<\/div>\n\t\t\t\t\t\t\t\t\t<div class=\"elementor-background-overlay\"><\/div>\n\t\t\t\t\t\t\t<div class=\"elementor-container elementor-column-gap-default\">\n\t\t\t\t\t<div class=\"elementor-column elementor-col-100 elementor-top-column elementor-element elementor-element-1f23f5e\" data-id=\"1f23f5e\" data-element_type=\"column\" data-e-type=\"column\">\n\t\t\t<div class=\"elementor-column-wrap--1f23f5e elementor-widget-wrap elementor-element-populated\">\n\t\t\t\t\t\t<div class=\"elementor-element elementor-element-77a3aab elementor-widget elementor-widget-heading\" data-id=\"77a3aab\" data-element_type=\"widget\" data-e-type=\"widget\" data-widget_type=\"heading.default\">\n\t\t\t\t<div class=\"elementor-widget-container\">\n\t\t\t\t\t<h2 class=\"elementor-heading-title elementor-size-default\">Sammeln Sie die sch\u00f6nsten Erinnerungen<\/h2>\t\t\t\t<\/div>\n\t\t\t\t<\/div>\n\t\t\t\t<div class=\"elementor-element elementor-element-4bbbfc4 u-last-p-margin elementor-widget elementor-widget-text-editor\" data-id=\"4bbbfc4\" data-element_type=\"widget\" data-e-type=\"widget\" data-widget_type=\"text-editor.default\">\n\t\t\t\t<div class=\"elementor-widget-container\">\n\t\t\t\t\t\t\t\t\t<p><b>Sammeln Sie die sch\u00f6nsten Erinnerungen 1 voll ausgestattete Ferienwohnung in der zweiten Etage mit Platz f\u00fcr 8 Personen und M\u00f6glichkeit f\u00fcr 2 weitere Personen auf einer Schlafcouch <\/b><\/p>\n\t\t\t\t\t\t\t\t<\/div>\n\t\t\t\t<\/div>\n\t\t\t\t\t<\/div>\n\t\t<\/div>\n\t\t\t\t\t<\/div>\n\t\t<\/section>\n\t\t\t\t<section class=\"elementor-section elementor-top-section elementor-element elementor-element-35511096 rey-flexWrap elementor-section-boxed elementor-section-height-default elementor-section-height-default\" data-id=\"35511096\" data-element_type=\"section\" data-e-type=\"section\">\n\t\t\t\t\t\t<div class=\"elementor-container elementor-column-gap-default\">\n\t\t\t\t\t<div class=\"elementor-column elementor-col-33 elementor-top-column elementor-element elementor-element-4ef60869\" data-id=\"4ef60869\" data-element_type=\"column\" data-e-type=\"column\">\n\t\t\t<div class=\"elementor-column-wrap--4ef60869 elementor-widget-wrap elementor-element-populated\">\n\t\t\t\t\t\t<div class=\"elementor-element elementor-element-23e6004 elementor-widget elementor-widget-video\" data-id=\"23e6004\" data-element_type=\"widget\" data-e-type=\"widget\" data-settings=\"{&quot;video_type&quot;:&quot;vimeo&quot;,&quot;autoplay&quot;:&quot;yes&quot;,&quot;loop&quot;:&quot;yes&quot;,&quot;mute&quot;:&quot;yes&quot;}\" data-widget_type=\"video.default\">\n\t\t\t\t<div class=\"elementor-widget-container\">\n\t\t\t\t\t\t\t<div class=\"elementor-wrapper elementor-open-inline\">\n\t\t\t<iframe class=\"elementor-video-iframe\" allowfullscreen allow=\"autoplay\" title=\"youtube Video Player\" src=\"https:\/\/www.youtube.com\/embed\/RrOcoyjYqQ8?feature=oembed&amp;autoplay=1&amp;color&amp;autopause=0&amp;loop=1&amp;muted=1&amp;title=1&amp;portrait=1&amp;byline=1\"><\/iframe>\t\t<\/div>\n\t\t\t\t\t\t<\/div>\n\t\t\t\t<\/div>\n\t\t\t\t\t<\/div>\n\t\t<\/div>\n\t\t\t\t<div class=\"elementor-column elementor-col-33 elementor-top-column elementor-element elementor-element-1a67a704\" data-id=\"1a67a704\" data-element_type=\"column\" data-e-type=\"column\">\n\t\t\t<div class=\"elementor-column-wrap--1a67a704 elementor-widget-wrap\">\n\t\t\t\t\t\t\t<\/div>\n\t\t<\/div>\n\t\t\t\t<div class=\"elementor-column elementor-col-33 elementor-top-column elementor-element elementor-element-22a07cab\" data-id=\"22a07cab\" data-element_type=\"column\" data-e-type=\"column\">\n\t\t\t<div class=\"elementor-column-wrap--22a07cab elementor-widget-wrap elementor-element-populated\">\n\t\t\t\t\t\t<div class=\"elementor-element elementor-element-3579aa32 --zindexed-1 elementor-widget elementor-widget-heading\" data-id=\"3579aa32\" data-element_type=\"widget\" data-e-type=\"widget\" data-widget_type=\"heading.default\">\n\t\t\t\t<div class=\"elementor-widget-container\">\n\t\t\t\t\t<h3 class=\"elementor-heading-title elementor-size-default\">Unbeschwertes Genie\u00dfen im Winterparadies<\/h3>\t\t\t\t<\/div>\n\t\t\t\t<\/div>\n\t\t\t\t<div class=\"elementor-element elementor-element-450bc7b6 elementor-widget elementor-widget-text-editor\" data-id=\"450bc7b6\" data-element_type=\"widget\" data-e-type=\"widget\" data-widget_type=\"text-editor.default\">\n\t\t\t\t<div class=\"elementor-widget-container\">\n\t\t\t\t\t\t\t\t\t<p>In Gr\u00e4chen \/ St. Niklaus erwarten Sie viele tolle Highlights f\u00fcr die ganze Familie, ob anspruchsvolle Wanderungen, gem\u00fctliche Spazierg\u00e4nge, Action oder Abenteuer \u2013 im Urlaubsparadies findet jeder sein pers\u00f6nliches Highlight. <\/p>\n\t\t\t\t\t\t\t\t<\/div>\n\t\t\t\t<\/div>\n\t\t\t\t<div class=\"elementor-element elementor-element-6082ff6f elementor-button-underline elementor-widget elementor-widget-button\" data-id=\"6082ff6f\" data-element_type=\"widget\" data-e-type=\"widget\" data-widget_type=\"button.default\">\n\t\t\t\t<div class=\"elementor-widget-container\">\n\t\t\t\t\t\t\t\t\t<div class=\"elementor-button-wrapper\">\n\t\t\t\t\t<a class=\"elementor-button elementor-button-link elementor-size-sm\" href=\"https:\/\/www.graechen.ch\/\">\n\t\t\t\t\t\t<span class=\"elementor-button-content-wrapper\">\n\t\t\t\t\t\t\t\t\t<span class=\"elementor-button-text\">Besuchen Sie die Website von Gr\u00e4chen<\/span>\n\t\t\t\t\t<\/span>\n\t\t\t\t\t<\/a>\n\t\t\t\t<\/div>\n\t\t\t\t\t\t\t\t<\/div>\n\t\t\t\t<\/div>\n\t\t\t\t\t<\/div>\n\t\t<\/div>\n\t\t\t\t\t<\/div>\n\t\t<\/section>\n\t\t\t\t<\/div>\n\t\t","protected":false},"excerpt":{"rendered":"<p>Gr\u00e4chen ein M\u00e4rchen Zermatt in Reichweite MEER INFO Willkommen im Familienparadies Wallis Ob gem\u00fctlicher Urlaub zu zweit oder Urlaubsspa\u00df mit der ganzen Familie,ob erholsame Ruhe oder spielerische Abwechslung \u2013alle Urlaubstr\u00e4ume werden wahr in der Familiendestination Gr\u00e4chen\/St. Niklaus. Pistenplan 1 voll ausgestattete Ferienwohnung in der zweiten Etage mit Platz f\u00fcr 8 Personen und M\u00f6glichkeit f\u00fcr 2 [&hellip;]<\/p>\n","protected":false},"author":4,"featured_media":0,"parent":0,"menu_order":0,"comment_status":"closed","ping_status":"closed","template":"template-builder.php","meta":{"_acf_changed":false,"footnotes":""},"class_list":["post-2274","page","type-page","status-publish","hentry"],"acf":[],"yoast_head":"<!-- This site is optimized with the Yoast SEO plugin v27.3 - https:\/\/yoast.com\/product\/yoast-seo-wordpress\/ -->\n<title>Skigebiet - Chalet Myriam<\/title>\n<meta name=\"robots\" content=\"index, follow, max-snippet:-1, max-image-preview:large, max-video-preview:-1\" \/>\n<link rel=\"canonical\" href=\"https:\/\/chaletmyriam.com\/de\/skigebiet\/\" \/>\n<meta property=\"og:locale\" content=\"de_DE\" \/>\n<meta property=\"og:type\" content=\"article\" \/>\n<meta property=\"og:title\" content=\"Skigebiet - Chalet Myriam\" \/>\n<meta property=\"og:description\" content=\"Gr\u00e4chen ein M\u00e4rchen Zermatt in Reichweite MEER INFO Willkommen im Familienparadies Wallis Ob gem\u00fctlicher Urlaub zu zweit oder Urlaubsspa\u00df mit der ganzen Familie,ob erholsame Ruhe oder spielerische Abwechslung \u2013alle Urlaubstr\u00e4ume werden wahr in der Familiendestination Gr\u00e4chen\/St. Niklaus. Pistenplan 1 voll ausgestattete Ferienwohnung in der zweiten Etage mit Platz f\u00fcr 8 Personen und M\u00f6glichkeit f\u00fcr 2 [&hellip;]\" \/>\n<meta property=\"og:url\" content=\"https:\/\/chaletmyriam.com\/de\/skigebiet\/\" \/>\n<meta property=\"og:site_name\" content=\"Chalet Myriam\" \/>\n<meta property=\"article:modified_time\" content=\"2021-12-07T08:03:19+00:00\" \/>\n<meta name=\"twitter:card\" content=\"summary_large_image\" \/>\n<meta name=\"twitter:label1\" content=\"Gesch\u00e4tzte Lesezeit\" \/>\n\t<meta name=\"twitter:data1\" content=\"1\u00a0Minute\" \/>\n<script type=\"application\/ld+json\" class=\"yoast-schema-graph\">{\"@context\":\"https:\\\/\\\/schema.org\",\"@graph\":[{\"@type\":\"WebPage\",\"@id\":\"https:\\\/\\\/chaletmyriam.com\\\/de\\\/skigebiet\\\/\",\"url\":\"https:\\\/\\\/chaletmyriam.com\\\/de\\\/skigebiet\\\/\",\"name\":\"Skigebiet - Chalet Myriam\",\"isPartOf\":{\"@id\":\"https:\\\/\\\/chaletmyriam.com\\\/de\\\/#website\"},\"datePublished\":\"2021-12-07T08:03:14+00:00\",\"dateModified\":\"2021-12-07T08:03:19+00:00\",\"breadcrumb\":{\"@id\":\"https:\\\/\\\/chaletmyriam.com\\\/de\\\/skigebiet\\\/#breadcrumb\"},\"inLanguage\":\"de\",\"potentialAction\":[{\"@type\":\"ReadAction\",\"target\":[\"https:\\\/\\\/chaletmyriam.com\\\/de\\\/skigebiet\\\/\"]}]},{\"@type\":\"BreadcrumbList\",\"@id\":\"https:\\\/\\\/chaletmyriam.com\\\/de\\\/skigebiet\\\/#breadcrumb\",\"itemListElement\":[{\"@type\":\"ListItem\",\"position\":1,\"name\":\"Home\",\"item\":\"https:\\\/\\\/chaletmyriam.com\\\/de\\\/\"},{\"@type\":\"ListItem\",\"position\":2,\"name\":\"Skigebiet\"}]},{\"@type\":\"WebSite\",\"@id\":\"https:\\\/\\\/chaletmyriam.com\\\/de\\\/#website\",\"url\":\"https:\\\/\\\/chaletmyriam.com\\\/de\\\/\",\"name\":\"Chalet Myriam\",\"description\":\"Heerlijk genieten van de prachtige omgeving in het Zwitserse Gr\u00e4chen\",\"publisher\":{\"@id\":\"https:\\\/\\\/chaletmyriam.com\\\/de\\\/#organization\"},\"potentialAction\":[{\"@type\":\"SearchAction\",\"target\":{\"@type\":\"EntryPoint\",\"urlTemplate\":\"https:\\\/\\\/chaletmyriam.com\\\/de\\\/?s={search_term_string}\"},\"query-input\":{\"@type\":\"PropertyValueSpecification\",\"valueRequired\":true,\"valueName\":\"search_term_string\"}}],\"inLanguage\":\"de\"},{\"@type\":\"Organization\",\"@id\":\"https:\\\/\\\/chaletmyriam.com\\\/de\\\/#organization\",\"name\":\"Chalet Myriam\",\"url\":\"https:\\\/\\\/chaletmyriam.com\\\/de\\\/\",\"logo\":{\"@type\":\"ImageObject\",\"inLanguage\":\"de\",\"@id\":\"https:\\\/\\\/chaletmyriam.com\\\/de\\\/#\\\/schema\\\/logo\\\/image\\\/\",\"url\":\"https:\\\/\\\/chaletmyriam.com\\\/wp-content\\\/uploads\\\/2021\\\/03\\\/Logo-nieuw-.png\",\"contentUrl\":\"https:\\\/\\\/chaletmyriam.com\\\/wp-content\\\/uploads\\\/2021\\\/03\\\/Logo-nieuw-.png\",\"width\":320,\"height\":159,\"caption\":\"Chalet Myriam\"},\"image\":{\"@id\":\"https:\\\/\\\/chaletmyriam.com\\\/de\\\/#\\\/schema\\\/logo\\\/image\\\/\"}}]}<\/script>\n<!-- \/ Yoast SEO plugin. -->","yoast_head_json":{"title":"Skigebiet - Chalet Myriam","robots":{"index":"index","follow":"follow","max-snippet":"max-snippet:-1","max-image-preview":"max-image-preview:large","max-video-preview":"max-video-preview:-1"},"canonical":"https:\/\/chaletmyriam.com\/de\/skigebiet\/","og_locale":"de_DE","og_type":"article","og_title":"Skigebiet - Chalet Myriam","og_description":"Gr\u00e4chen ein M\u00e4rchen Zermatt in Reichweite MEER INFO Willkommen im Familienparadies Wallis Ob gem\u00fctlicher Urlaub zu zweit oder Urlaubsspa\u00df mit der ganzen Familie,ob erholsame Ruhe oder spielerische Abwechslung \u2013alle Urlaubstr\u00e4ume werden wahr in der Familiendestination Gr\u00e4chen\/St. Niklaus. Pistenplan 1 voll ausgestattete Ferienwohnung in der zweiten Etage mit Platz f\u00fcr 8 Personen und M\u00f6glichkeit f\u00fcr 2 [&hellip;]","og_url":"https:\/\/chaletmyriam.com\/de\/skigebiet\/","og_site_name":"Chalet Myriam","article_modified_time":"2021-12-07T08:03:19+00:00","twitter_card":"summary_large_image","twitter_misc":{"Gesch\u00e4tzte Lesezeit":"1\u00a0Minute"},"schema":{"@context":"https:\/\/schema.org","@graph":[{"@type":"WebPage","@id":"https:\/\/chaletmyriam.com\/de\/skigebiet\/","url":"https:\/\/chaletmyriam.com\/de\/skigebiet\/","name":"Skigebiet - Chalet Myriam","isPartOf":{"@id":"https:\/\/chaletmyriam.com\/de\/#website"},"datePublished":"2021-12-07T08:03:14+00:00","dateModified":"2021-12-07T08:03:19+00:00","breadcrumb":{"@id":"https:\/\/chaletmyriam.com\/de\/skigebiet\/#breadcrumb"},"inLanguage":"de","potentialAction":[{"@type":"ReadAction","target":["https:\/\/chaletmyriam.com\/de\/skigebiet\/"]}]},{"@type":"BreadcrumbList","@id":"https:\/\/chaletmyriam.com\/de\/skigebiet\/#breadcrumb","itemListElement":[{"@type":"ListItem","position":1,"name":"Home","item":"https:\/\/chaletmyriam.com\/de\/"},{"@type":"ListItem","position":2,"name":"Skigebiet"}]},{"@type":"WebSite","@id":"https:\/\/chaletmyriam.com\/de\/#website","url":"https:\/\/chaletmyriam.com\/de\/","name":"Chalet Myriam","description":"Heerlijk genieten van de prachtige omgeving in het Zwitserse Gr\u00e4chen","publisher":{"@id":"https:\/\/chaletmyriam.com\/de\/#organization"},"potentialAction":[{"@type":"SearchAction","target":{"@type":"EntryPoint","urlTemplate":"https:\/\/chaletmyriam.com\/de\/?s={search_term_string}"},"query-input":{"@type":"PropertyValueSpecification","valueRequired":true,"valueName":"search_term_string"}}],"inLanguage":"de"},{"@type":"Organization","@id":"https:\/\/chaletmyriam.com\/de\/#organization","name":"Chalet Myriam","url":"https:\/\/chaletmyriam.com\/de\/","logo":{"@type":"ImageObject","inLanguage":"de","@id":"https:\/\/chaletmyriam.com\/de\/#\/schema\/logo\/image\/","url":"https:\/\/chaletmyriam.com\/wp-content\/uploads\/2021\/03\/Logo-nieuw-.png","contentUrl":"https:\/\/chaletmyriam.com\/wp-content\/uploads\/2021\/03\/Logo-nieuw-.png","width":320,"height":159,"caption":"Chalet Myriam"},"image":{"@id":"https:\/\/chaletmyriam.com\/de\/#\/schema\/logo\/image\/"}}]}},"_links":{"self":[{"href":"https:\/\/chaletmyriam.com\/de\/wp-json\/wp\/v2\/pages\/2274","targetHints":{"allow":["GET"]}}],"collection":[{"href":"https:\/\/chaletmyriam.com\/de\/wp-json\/wp\/v2\/pages"}],"about":[{"href":"https:\/\/chaletmyriam.com\/de\/wp-json\/wp\/v2\/types\/page"}],"author":[{"embeddable":true,"href":"https:\/\/chaletmyriam.com\/de\/wp-json\/wp\/v2\/users\/4"}],"replies":[{"embeddable":true,"href":"https:\/\/chaletmyriam.com\/de\/wp-json\/wp\/v2\/comments?post=2274"}],"version-history":[{"count":3,"href":"https:\/\/chaletmyriam.com\/de\/wp-json\/wp\/v2\/pages\/2274\/revisions"}],"predecessor-version":[{"id":2277,"href":"https:\/\/chaletmyriam.com\/de\/wp-json\/wp\/v2\/pages\/2274\/revisions\/2277"}],"wp:attachment":[{"href":"https:\/\/chaletmyriam.com\/de\/wp-json\/wp\/v2\/media?parent=2274"}],"curies":[{"name":"wp","href":"https:\/\/api.w.org\/{rel}","templated":true}]}}