{"id":3867,"date":"2023-03-18T10:31:31","date_gmt":"2023-03-18T10:31:31","guid":{"rendered":"https:\/\/chaletmyriam.com\/reservierungs-und-stornierungsbedingungen\/"},"modified":"2023-03-18T10:31:32","modified_gmt":"2023-03-18T10:31:32","slug":"reservierungs-und-stornierungsbedingungen","status":"publish","type":"page","link":"https:\/\/chaletmyriam.com\/de\/reservierungs-und-stornierungsbedingungen\/","title":{"rendered":"Reservierungs- und Stornierungsbedingungen"},"content":{"rendered":"\t\t<div data-elementor-type=\"wp-page\" data-elementor-id=\"3867\" class=\"elementor elementor-3867 elementor-3778\" data-elementor-post-type=\"page\">\n\t\t\t\t\t\t<section class=\"elementor-section elementor-top-section elementor-element elementor-element-a565283 elementor-section-boxed elementor-section-height-default elementor-section-height-default\" data-id=\"a565283\" data-element_type=\"section\" data-e-type=\"section\">\n\t\t\t\t\t\t<div class=\"elementor-container elementor-column-gap-default\">\n\t\t\t\t\t<div class=\"elementor-column elementor-col-100 elementor-top-column elementor-element elementor-element-013c5a0\" data-id=\"013c5a0\" data-element_type=\"column\" data-e-type=\"column\">\n\t\t\t<div class=\"elementor-column-wrap--013c5a0 elementor-widget-wrap elementor-element-populated\">\n\t\t\t\t\t\t<div class=\"elementor-element elementor-element-1c886ac elementor-widget elementor-widget-heading\" data-id=\"1c886ac\" data-element_type=\"widget\" data-e-type=\"widget\" data-widget_type=\"heading.default\">\n\t\t\t\t<div class=\"elementor-widget-container\">\n\t\t\t\t\t<h2 class=\"elementor-heading-title elementor-size-default\">Reservierungs- und Stornierungsbedingungen<\/h2>\t\t\t\t<\/div>\n\t\t\t\t<\/div>\n\t\t\t\t\t<\/div>\n\t\t<\/div>\n\t\t\t\t\t<\/div>\n\t\t<\/section>\n\t\t\t\t<section class=\"elementor-section elementor-top-section elementor-element elementor-element-89f1dbd elementor-section-boxed elementor-section-height-default elementor-section-height-default\" data-id=\"89f1dbd\" data-element_type=\"section\" data-e-type=\"section\">\n\t\t\t\t\t\t<div class=\"elementor-container elementor-column-gap-default\">\n\t\t\t\t\t<div class=\"elementor-column elementor-col-100 elementor-top-column elementor-element elementor-element-91640d3\" data-id=\"91640d3\" data-element_type=\"column\" data-e-type=\"column\">\n\t\t\t<div class=\"elementor-column-wrap--91640d3 elementor-widget-wrap elementor-element-populated\">\n\t\t\t\t\t\t<div class=\"elementor-element elementor-element-2b9507a elementor-widget elementor-widget-text-editor\" data-id=\"2b9507a\" data-element_type=\"widget\" data-e-type=\"widget\" data-widget_type=\"text-editor.default\">\n\t\t\t\t<div class=\"elementor-widget-container\">\n\t\t\t\t\t\t\t\t\t<p><strong>Buchung und Preis<\/strong><\/p>\n<ul>\n<li>Eine Reservierung ist nur g\u00fcltig, wenn der Vermieter sie vom Mieter erhalten hat:<\/li>\n<li>Rechtzeitige Zahlungen;<\/li>\n<li>Eine Kaution von CHF 300 muss bei der Ankunft in bar bezahlt werden.<\/li>\n<li>Bei der Ankunft m\u00fcssen Sie die f\u00e4llige Kurtaxe in bar bezahlen.\n<\/li>\n<\/ul>\n<p><strong>Zahlung der Miete<\/strong><\/p>\n<ul>\n<li>Erfolgt die Buchung weniger als 40 Tage vor der Ankunft, ist der gesamte Betrag f\u00e4llig.<\/li>\n<li>Bei der Reservierung m\u00fcssen 50 % des Gesamtmietpreises (einschlie\u00dflich eventueller Nebenkosten) beim Vermieter eingehen. Wenn diese Zahlung nicht rechtzeitig erfolgt, wird die Reservierung annulliert und der Vermieter kann den reservierten Zeitraum erneut zur Vermietung anbieten;<\/li>\n<li>Die Gesamtmiete muss sp\u00e4testens 6 Wochen vor Beginn des Aufenthalts bezahlt werden. Wenn diese Zahlung nicht rechtzeitig erfolgt, erh\u00e4lt der Mieter eine Zahlungserinnerung;<\/li>\n<li>Wenn der Mieter die f\u00e4llige Zahlung erneut nicht innerhalb der vereinbarten Zahlungsfrist geleistet hat, wird dies als K\u00fcndigung des Mietobjekts durch den Mieter betrachtet und es gelten die K\u00fcndigungsbedingungen von Artikel 8. Der Vermieter hat dann das Recht, die Immobilie erneut zur Vermietung anzubieten.\n<\/li>\n<\/ul>\n<p><strong>Stornierung<\/strong><\/p>\n<ul>\n<li>Der Vermieter r\u00e4t dem Mieter, eine Reiser\u00fccktrittsversicherung abzuschlie\u00dfen.<\/li>\n<li>Jede K\u00fcndigung muss dem Vermieter vom Mieter schriftlich oder per E-Mail mitgeteilt werden. Der Eingang wird dem Mieter vom Vermieter best\u00e4tigt.<\/li>\n<li>Wenn der Mieter den Mietvertrag aus anderen Gr\u00fcnden als Krankheit oder Unfall k\u00fcndigen m\u00f6chte, gelten die folgenden Bedingungen:<\/li>\n<li>Bis 60 Tage vor der Anreise Verwaltungsgeb\u00fchr CHF 100.00<\/li>\n<li>59 &#8211; 45 Tage vor Anreise Bearbeitungsgeb\u00fchr CHF 100.00 &amp; 30% Anzahlung.<\/li>\n<li>44-30 Tage vor der Ankunft: Bearbeitungsgeb\u00fchr CHF 100.00 &amp; 50% Anzahlung.<\/li>\n<li>29 &#8211; 0 Tage vor Anreise: Gesamtmietbetrag plus Bearbeitungsgeb\u00fchr CHF 100.00<\/li>\n<li>Keine Anreise: Gesamtmietpreis plus Bearbeitungsgeb\u00fchr CHF 100.00<\/li>\n<li>Kann die Wohnung nach einer K\u00fcndigung weitervermietet werden, ist der Vermieter verpflichtet, den vollen Betrag abz\u00fcglich einer Bearbeitungsgeb\u00fchr von CHF 100.00 zur\u00fcckzuerstatten.<\/li>\n<\/ul>\n\t\t\t\t\t\t\t\t<\/div>\n\t\t\t\t<\/div>\n\t\t\t\t\t<\/div>\n\t\t<\/div>\n\t\t\t\t\t<\/div>\n\t\t<\/section>\n\t\t\t\t<\/div>\n\t\t","protected":false},"excerpt":{"rendered":"<p>Reservierungs- und Stornierungsbedingungen Buchung und Preis Eine Reservierung ist nur g\u00fcltig, wenn der Vermieter sie vom Mieter erhalten hat: Rechtzeitige Zahlungen; Eine Kaution von CHF 300 muss bei der Ankunft in bar bezahlt werden. Bei der Ankunft m\u00fcssen Sie die f\u00e4llige Kurtaxe in bar bezahlen. Zahlung der Miete Erfolgt die Buchung weniger als 40 Tage [&hellip;]<\/p>\n","protected":false},"author":4,"featured_media":0,"parent":0,"menu_order":0,"comment_status":"closed","ping_status":"closed","template":"elementor_header_footer","meta":{"_acf_changed":false,"footnotes":""},"class_list":["post-3867","page","type-page","status-publish","hentry"],"acf":[],"yoast_head":"<!-- This site is optimized with the Yoast SEO plugin v27.3 - https:\/\/yoast.com\/product\/yoast-seo-wordpress\/ -->\n<title>Reservierungs- und Stornierungsbedingungen - Chalet Myriam<\/title>\n<meta name=\"robots\" content=\"index, follow, max-snippet:-1, max-image-preview:large, max-video-preview:-1\" \/>\n<link rel=\"canonical\" href=\"https:\/\/chaletmyriam.com\/de\/reservierungs-und-stornierungsbedingungen\/\" \/>\n<meta property=\"og:locale\" content=\"de_DE\" \/>\n<meta property=\"og:type\" content=\"article\" \/>\n<meta property=\"og:title\" content=\"Reservierungs- und Stornierungsbedingungen - Chalet Myriam\" \/>\n<meta property=\"og:description\" content=\"Reservierungs- und Stornierungsbedingungen Buchung und Preis Eine Reservierung ist nur g\u00fcltig, wenn der Vermieter sie vom Mieter erhalten hat: Rechtzeitige Zahlungen; Eine Kaution von CHF 300 muss bei der Ankunft in bar bezahlt werden. Bei der Ankunft m\u00fcssen Sie die f\u00e4llige Kurtaxe in bar bezahlen. Zahlung der Miete Erfolgt die Buchung weniger als 40 Tage [&hellip;]\" \/>\n<meta property=\"og:url\" content=\"https:\/\/chaletmyriam.com\/de\/reservierungs-und-stornierungsbedingungen\/\" \/>\n<meta property=\"og:site_name\" content=\"Chalet Myriam\" \/>\n<meta property=\"article:modified_time\" content=\"2023-03-18T10:31:32+00:00\" \/>\n<meta name=\"twitter:card\" content=\"summary_large_image\" \/>\n<meta name=\"twitter:label1\" content=\"Gesch\u00e4tzte Lesezeit\" \/>\n\t<meta name=\"twitter:data1\" content=\"1\u00a0Minute\" \/>\n<script type=\"application\/ld+json\" class=\"yoast-schema-graph\">{\"@context\":\"https:\\\/\\\/schema.org\",\"@graph\":[{\"@type\":\"WebPage\",\"@id\":\"https:\\\/\\\/chaletmyriam.com\\\/de\\\/reservierungs-und-stornierungsbedingungen\\\/\",\"url\":\"https:\\\/\\\/chaletmyriam.com\\\/de\\\/reservierungs-und-stornierungsbedingungen\\\/\",\"name\":\"Reservierungs- und Stornierungsbedingungen - Chalet Myriam\",\"isPartOf\":{\"@id\":\"https:\\\/\\\/chaletmyriam.com\\\/de\\\/#website\"},\"datePublished\":\"2023-03-18T10:31:31+00:00\",\"dateModified\":\"2023-03-18T10:31:32+00:00\",\"breadcrumb\":{\"@id\":\"https:\\\/\\\/chaletmyriam.com\\\/de\\\/reservierungs-und-stornierungsbedingungen\\\/#breadcrumb\"},\"inLanguage\":\"de\",\"potentialAction\":[{\"@type\":\"ReadAction\",\"target\":[\"https:\\\/\\\/chaletmyriam.com\\\/de\\\/reservierungs-und-stornierungsbedingungen\\\/\"]}]},{\"@type\":\"BreadcrumbList\",\"@id\":\"https:\\\/\\\/chaletmyriam.com\\\/de\\\/reservierungs-und-stornierungsbedingungen\\\/#breadcrumb\",\"itemListElement\":[{\"@type\":\"ListItem\",\"position\":1,\"name\":\"Home\",\"item\":\"https:\\\/\\\/chaletmyriam.com\\\/de\\\/\"},{\"@type\":\"ListItem\",\"position\":2,\"name\":\"Reservierungs- und Stornierungsbedingungen\"}]},{\"@type\":\"WebSite\",\"@id\":\"https:\\\/\\\/chaletmyriam.com\\\/de\\\/#website\",\"url\":\"https:\\\/\\\/chaletmyriam.com\\\/de\\\/\",\"name\":\"Chalet Myriam\",\"description\":\"Heerlijk genieten van de prachtige omgeving in het Zwitserse Gr\u00e4chen\",\"publisher\":{\"@id\":\"https:\\\/\\\/chaletmyriam.com\\\/de\\\/#organization\"},\"potentialAction\":[{\"@type\":\"SearchAction\",\"target\":{\"@type\":\"EntryPoint\",\"urlTemplate\":\"https:\\\/\\\/chaletmyriam.com\\\/de\\\/?s={search_term_string}\"},\"query-input\":{\"@type\":\"PropertyValueSpecification\",\"valueRequired\":true,\"valueName\":\"search_term_string\"}}],\"inLanguage\":\"de\"},{\"@type\":\"Organization\",\"@id\":\"https:\\\/\\\/chaletmyriam.com\\\/de\\\/#organization\",\"name\":\"Chalet Myriam\",\"url\":\"https:\\\/\\\/chaletmyriam.com\\\/de\\\/\",\"logo\":{\"@type\":\"ImageObject\",\"inLanguage\":\"de\",\"@id\":\"https:\\\/\\\/chaletmyriam.com\\\/de\\\/#\\\/schema\\\/logo\\\/image\\\/\",\"url\":\"https:\\\/\\\/chaletmyriam.com\\\/wp-content\\\/uploads\\\/2021\\\/03\\\/Logo-nieuw-.png\",\"contentUrl\":\"https:\\\/\\\/chaletmyriam.com\\\/wp-content\\\/uploads\\\/2021\\\/03\\\/Logo-nieuw-.png\",\"width\":320,\"height\":159,\"caption\":\"Chalet Myriam\"},\"image\":{\"@id\":\"https:\\\/\\\/chaletmyriam.com\\\/de\\\/#\\\/schema\\\/logo\\\/image\\\/\"}}]}<\/script>\n<!-- \/ Yoast SEO plugin. -->","yoast_head_json":{"title":"Reservierungs- und Stornierungsbedingungen - Chalet Myriam","robots":{"index":"index","follow":"follow","max-snippet":"max-snippet:-1","max-image-preview":"max-image-preview:large","max-video-preview":"max-video-preview:-1"},"canonical":"https:\/\/chaletmyriam.com\/de\/reservierungs-und-stornierungsbedingungen\/","og_locale":"de_DE","og_type":"article","og_title":"Reservierungs- und Stornierungsbedingungen - Chalet Myriam","og_description":"Reservierungs- und Stornierungsbedingungen Buchung und Preis Eine Reservierung ist nur g\u00fcltig, wenn der Vermieter sie vom Mieter erhalten hat: Rechtzeitige Zahlungen; Eine Kaution von CHF 300 muss bei der Ankunft in bar bezahlt werden. Bei der Ankunft m\u00fcssen Sie die f\u00e4llige Kurtaxe in bar bezahlen. Zahlung der Miete Erfolgt die Buchung weniger als 40 Tage [&hellip;]","og_url":"https:\/\/chaletmyriam.com\/de\/reservierungs-und-stornierungsbedingungen\/","og_site_name":"Chalet Myriam","article_modified_time":"2023-03-18T10:31:32+00:00","twitter_card":"summary_large_image","twitter_misc":{"Gesch\u00e4tzte Lesezeit":"1\u00a0Minute"},"schema":{"@context":"https:\/\/schema.org","@graph":[{"@type":"WebPage","@id":"https:\/\/chaletmyriam.com\/de\/reservierungs-und-stornierungsbedingungen\/","url":"https:\/\/chaletmyriam.com\/de\/reservierungs-und-stornierungsbedingungen\/","name":"Reservierungs- und Stornierungsbedingungen - Chalet Myriam","isPartOf":{"@id":"https:\/\/chaletmyriam.com\/de\/#website"},"datePublished":"2023-03-18T10:31:31+00:00","dateModified":"2023-03-18T10:31:32+00:00","breadcrumb":{"@id":"https:\/\/chaletmyriam.com\/de\/reservierungs-und-stornierungsbedingungen\/#breadcrumb"},"inLanguage":"de","potentialAction":[{"@type":"ReadAction","target":["https:\/\/chaletmyriam.com\/de\/reservierungs-und-stornierungsbedingungen\/"]}]},{"@type":"BreadcrumbList","@id":"https:\/\/chaletmyriam.com\/de\/reservierungs-und-stornierungsbedingungen\/#breadcrumb","itemListElement":[{"@type":"ListItem","position":1,"name":"Home","item":"https:\/\/chaletmyriam.com\/de\/"},{"@type":"ListItem","position":2,"name":"Reservierungs- und Stornierungsbedingungen"}]},{"@type":"WebSite","@id":"https:\/\/chaletmyriam.com\/de\/#website","url":"https:\/\/chaletmyriam.com\/de\/","name":"Chalet Myriam","description":"Heerlijk genieten van de prachtige omgeving in het Zwitserse Gr\u00e4chen","publisher":{"@id":"https:\/\/chaletmyriam.com\/de\/#organization"},"potentialAction":[{"@type":"SearchAction","target":{"@type":"EntryPoint","urlTemplate":"https:\/\/chaletmyriam.com\/de\/?s={search_term_string}"},"query-input":{"@type":"PropertyValueSpecification","valueRequired":true,"valueName":"search_term_string"}}],"inLanguage":"de"},{"@type":"Organization","@id":"https:\/\/chaletmyriam.com\/de\/#organization","name":"Chalet Myriam","url":"https:\/\/chaletmyriam.com\/de\/","logo":{"@type":"ImageObject","inLanguage":"de","@id":"https:\/\/chaletmyriam.com\/de\/#\/schema\/logo\/image\/","url":"https:\/\/chaletmyriam.com\/wp-content\/uploads\/2021\/03\/Logo-nieuw-.png","contentUrl":"https:\/\/chaletmyriam.com\/wp-content\/uploads\/2021\/03\/Logo-nieuw-.png","width":320,"height":159,"caption":"Chalet Myriam"},"image":{"@id":"https:\/\/chaletmyriam.com\/de\/#\/schema\/logo\/image\/"}}]}},"_links":{"self":[{"href":"https:\/\/chaletmyriam.com\/de\/wp-json\/wp\/v2\/pages\/3867","targetHints":{"allow":["GET"]}}],"collection":[{"href":"https:\/\/chaletmyriam.com\/de\/wp-json\/wp\/v2\/pages"}],"about":[{"href":"https:\/\/chaletmyriam.com\/de\/wp-json\/wp\/v2\/types\/page"}],"author":[{"embeddable":true,"href":"https:\/\/chaletmyriam.com\/de\/wp-json\/wp\/v2\/users\/4"}],"replies":[{"embeddable":true,"href":"https:\/\/chaletmyriam.com\/de\/wp-json\/wp\/v2\/comments?post=3867"}],"version-history":[{"count":1,"href":"https:\/\/chaletmyriam.com\/de\/wp-json\/wp\/v2\/pages\/3867\/revisions"}],"predecessor-version":[{"id":3868,"href":"https:\/\/chaletmyriam.com\/de\/wp-json\/wp\/v2\/pages\/3867\/revisions\/3868"}],"wp:attachment":[{"href":"https:\/\/chaletmyriam.com\/de\/wp-json\/wp\/v2\/media?parent=3867"}],"curies":[{"name":"wp","href":"https:\/\/api.w.org\/{rel}","templated":true}]}}